{"id":184,"date":"2023-12-10T15:23:49","date_gmt":"2023-12-10T15:23:49","guid":{"rendered":"https:\/\/crisoma.org\/?page_id=184"},"modified":"2024-04-10T11:51:45","modified_gmt":"2024-04-10T09:51:45","slug":"mastering","status":"publish","type":"page","link":"https:\/\/crisoma.org\/de\/mixing-und-mastering\/mastering\/","title":{"rendered":"Mastering"},"content":{"rendered":"\n<h2 class=\"wp-block-heading has-text-align-center\">Fertig f\u00fcr Spotify, Youtube und co.<\/h2>\n\n\n\n<p>Du m\u00f6chtest deine Arbeit professionell mastern lassen? Melde dich mit hilfe des untenstehenden Formulares und h\u00e4nge nach M\u00f6glichkeit eine Demo deines Tracks an.<\/p>\n\n\n\n<hr class=\"wp-block-separator has-alpha-channel-opacity\"\/>\n\n\n\n<div class=\"wp-block-columns is-layout-flex wp-container-core-columns-is-layout-28f84493 wp-block-columns-is-layout-flex\">\n<div class=\"wp-block-column is-layout-flow wp-block-column-is-layout-flow\">\n<div class=\"wp-block-contact-form-7-contact-form-selector\">\n<div class=\"wpcf7 no-js\" id=\"wpcf7-f319-o1\" lang=\"de-DE\" dir=\"ltr\" data-wpcf7-id=\"319\">\n<div class=\"screen-reader-response\"><p role=\"status\" aria-live=\"polite\" aria-atomic=\"true\"><\/p> <ul><\/ul><\/div>\n<form action=\"\/de\/wp-json\/wp\/v2\/pages\/184#wpcf7-f319-o1\" method=\"post\" class=\"wpcf7-form init\" aria-label=\"Kontaktformular\" enctype=\"multipart\/form-data\" novalidate=\"novalidate\" data-status=\"init\">\n<fieldset class=\"hidden-fields-container\"><input type=\"hidden\" name=\"_wpcf7\" value=\"319\" \/><input type=\"hidden\" name=\"_wpcf7_version\" value=\"6.1.5\" \/><input type=\"hidden\" name=\"_wpcf7_locale\" value=\"de_DE\" \/><input type=\"hidden\" name=\"_wpcf7_unit_tag\" value=\"wpcf7-f319-o1\" \/><input type=\"hidden\" name=\"_wpcf7_container_post\" value=\"0\" \/><input type=\"hidden\" name=\"_wpcf7_posted_data_hash\" value=\"\" \/>\n<\/fieldset>\n<p><label> Dein Name<br \/>\n<span class=\"wpcf7-form-control-wrap\" data-name=\"your-name\"><input size=\"40\" maxlength=\"400\" class=\"wpcf7-form-control wpcf7-text wpcf7-validates-as-required\" autocomplete=\"name\" aria-required=\"true\" aria-invalid=\"false\" value=\"\" type=\"text\" name=\"your-name\" \/><\/span> <\/label>\n<\/p>\n<p><label> Deine E-Mail-Adresse<br \/>\n<span class=\"wpcf7-form-control-wrap\" data-name=\"your-email\"><input size=\"40\" maxlength=\"400\" class=\"wpcf7-form-control wpcf7-email wpcf7-validates-as-required wpcf7-text wpcf7-validates-as-email\" autocomplete=\"email\" aria-required=\"true\" aria-invalid=\"false\" value=\"\" type=\"email\" name=\"your-email\" \/><\/span> <\/label>\n<\/p>\n<p><label> Betreff<br \/>\n<span class=\"wpcf7-form-control-wrap\" data-name=\"your-subject\"><input size=\"40\" maxlength=\"400\" class=\"wpcf7-form-control wpcf7-text wpcf7-validates-as-required\" aria-required=\"true\" aria-invalid=\"false\" value=\"\" type=\"text\" name=\"your-subject\" \/><\/span> <\/label>\n<\/p>\n<p><label> Deine Nachricht<br \/>\n<span class=\"wpcf7-form-control-wrap\" data-name=\"your-message\"><textarea cols=\"40\" rows=\"10\" maxlength=\"2000\" class=\"wpcf7-form-control wpcf7-textarea\" aria-invalid=\"false\" name=\"your-message\"><\/textarea><\/span> <\/label>\n<\/p>\n<p><label> Datei<br \/>\n<span class=\"wpcf7-form-control-wrap\" data-name=\"file-1\"><input size=\"40\" class=\"wpcf7-form-control wpcf7-file\" accept=\".wav,.mp3,.flac\" aria-invalid=\"false\" type=\"file\" name=\"file-1\" \/><\/span><br \/>\n<input class=\"wpcf7-form-control wpcf7-submit has-spinner\" type=\"submit\" value=\"Senden\" \/><\/label>\n<\/p><div class=\"wpcf7-response-output\" aria-hidden=\"true\"><\/div>\n<\/form>\n<\/div>\n<\/div>\n<\/div>\n\n\n\n<div class=\"wp-block-column is-layout-flow wp-block-column-is-layout-flow\">\n<p>Ob du es gut hei\u00dft oder nicht, m\u00f6chtest du am Loudness-War teilnehmen?<br>Ich Master euren Track nach modernen Standards und f\u00fcr die Platform eurer wahl:<\/p>\n\n\n\n<p>Dienste wie Spotify halten Ihre Inhalte gerne auf einem bestimmen Lautst\u00e4rkepegel, abh\u00e4ngig von der Art von Media, den du hochladen willst. Das hei\u00dft, wenn du diesen Pegel nicht entsprichst, wird deine Musik komprimiert oder geboostet, um diesen zu erreich, was zu unerw\u00fcnschten Artefakten f\u00fchren oder deiner Musik einen Charakter verleiehen kann, den du nicht vorrausgesehen hast.<\/p>\n<\/div>\n<\/div>\n","protected":false},"excerpt":{"rendered":"<p>Fertig f\u00fcr Spotify, Youtube und co. Du m\u00f6chtest deine Arbeit professionell mastern lassen? Melde dich mit hilfe des untenstehenden Formulares und h\u00e4nge nach M\u00f6glichkeit eine Demo deines Tracks an. Ob du es gut hei\u00dft oder nicht, m\u00f6chtest du am Loudness-War teilnehmen?Ich Master euren Track nach modernen Standards und f\u00fcr die Platform eurer wahl: Dienste wie [&hellip;]<\/p>\n","protected":false},"author":1,"featured_media":0,"parent":12,"menu_order":0,"comment_status":"closed","ping_status":"closed","template":"","meta":{"_monsterinsights_skip_tracking":false,"_monsterinsights_sitenote_active":false,"_monsterinsights_sitenote_note":"","_monsterinsights_sitenote_category":0,"footnotes":""},"class_list":["post-184","page","type-page","status-publish","hentry"],"_links":{"self":[{"href":"https:\/\/crisoma.org\/de\/wp-json\/wp\/v2\/pages\/184","targetHints":{"allow":["GET"]}}],"collection":[{"href":"https:\/\/crisoma.org\/de\/wp-json\/wp\/v2\/pages"}],"about":[{"href":"https:\/\/crisoma.org\/de\/wp-json\/wp\/v2\/types\/page"}],"author":[{"embeddable":true,"href":"https:\/\/crisoma.org\/de\/wp-json\/wp\/v2\/users\/1"}],"replies":[{"embeddable":true,"href":"https:\/\/crisoma.org\/de\/wp-json\/wp\/v2\/comments?post=184"}],"version-history":[{"count":1,"href":"https:\/\/crisoma.org\/de\/wp-json\/wp\/v2\/pages\/184\/revisions"}],"predecessor-version":[{"id":330,"href":"https:\/\/crisoma.org\/de\/wp-json\/wp\/v2\/pages\/184\/revisions\/330"}],"up":[{"embeddable":true,"href":"https:\/\/crisoma.org\/de\/wp-json\/wp\/v2\/pages\/12"}],"wp:attachment":[{"href":"https:\/\/crisoma.org\/de\/wp-json\/wp\/v2\/media?parent=184"}],"curies":[{"name":"wp","href":"https:\/\/api.w.org\/{rel}","templated":true}]}}