{"id":61,"date":"2023-11-17T09:49:04","date_gmt":"2023-11-17T09:49:04","guid":{"rendered":"http:\/\/crisoma.org\/?page_id=2"},"modified":"2024-04-10T11:03:19","modified_gmt":"2024-04-10T09:03:19","slug":"about","status":"publish","type":"page","link":"https:\/\/crisoma.org\/de\/about\/","title":{"rendered":"Wer?"},"content":{"rendered":"\n<h2 class=\"wp-block-heading has-text-align-center\">Wer ist Crisoma?<\/h2>\n\n\n\n<div style=\"height:50px\" aria-hidden=\"true\" class=\"wp-block-spacer\"><\/div>\n\n\n\n<div class=\"wp-block-group alignwide has-global-padding is-layout-constrained wp-block-group-is-layout-constrained\">\n<p class=\"has-text-align-left\">Ich bin ein Produzent aus Deutschland (oh Wunder) und obwohl ich mich als Metalhead betrachte produziere ich haupts\u00e4chlich House-Music. Allerdings stecke ich meine Nase in jedes andere Genre das ich finden kann, denn gute musikalische Meisterwerke beschr\u00e4nken sich nicht auf ein einziges Genre.<\/p>\n\n\n\n<p>Ich produziere seit Januar 2022 professionell und habe mein erstes Album im Juli 2023 ver\u00f6ffentlicht. Mit &#8222;Musikproduktion&#8220; spiele ich aber schon um einiges l\u00e4nger rum.<\/p>\n\n\n\n<p class=\"has-medium-font-size\">Als Kind war ich immer von den riesigen Sound-Landschaften fasziniert, die von \u00fcppigen Pads der fr\u00fchen Trance-Musik gezeichnet wurden und fremde au\u00dferirdische Biome und wundersch\u00f6ne Nebel im Weltraum darstellten. Diese Musik hatte einfach etwas Geheimnisvolles an sich, w\u00e4hrend f\u00fcr mich alles andere irgendwie banal war: <br>Ich wusste, was den Klang einer Gitarre ausmacht, egal wie verzerrt sie war, ich hatte auf Klavieren, Trommeln und Fl\u00f6ten herumgespielt, ich hatte Geigen, Trompeten und Saxophone gesehen und ich wusste, dass Keyboards einfach nur irgendwie seltsam klangen. Aber die vollkommen fremden, mitrei\u00dfenden Kl\u00e4nge von Trance wirkten auf mich wie Magie! Wie entstanden diese Kl\u00e4nge?! Wie k\u00f6nnen Sie sich so ver\u00e4ndern und entwickeln, wie sie es tun?!<br>Als Teenager h\u00f6rten alle um mich herum Rock, Schlager und HipHop und ich hatte niemanden, mit dem ich meine Leidenschaft f\u00fcr rein elektronische Musik teilen konnte. So machte ich mich daran, herauszufinden wie diese Musik funktioniert und selbt genau die Musik zu kreiren, die ich selber h\u00f6ren wollte.<br>Bis ich das Geld f\u00fcr ein Heimstudio und die n\u00f6tige Software zusammen hatte, vergingen zwar einige Jahre, doch hier bin ich nun und so schnell werde ich nicht wieder aufh\u00f6ren!<\/p>\n<\/div>\n","protected":false},"excerpt":{"rendered":"<p>Wer ist Crisoma? Ich bin ein Produzent aus Deutschland (oh Wunder) und obwohl ich mich als Metalhead betrachte produziere ich haupts\u00e4chlich House-Music. Allerdings stecke ich meine Nase in jedes andere Genre das ich finden kann, denn gute musikalische Meisterwerke beschr\u00e4nken sich nicht auf ein einziges Genre. Ich produziere seit Januar 2022 professionell und habe mein [&hellip;]<\/p>\n","protected":false},"author":1,"featured_media":54,"parent":0,"menu_order":0,"comment_status":"closed","ping_status":"closed","template":"page-no-title","meta":{"_monsterinsights_skip_tracking":false,"_monsterinsights_sitenote_active":false,"_monsterinsights_sitenote_note":"","_monsterinsights_sitenote_category":0,"footnotes":""},"class_list":["post-61","page","type-page","status-publish","has-post-thumbnail","hentry"],"_links":{"self":[{"href":"https:\/\/crisoma.org\/de\/wp-json\/wp\/v2\/pages\/61","targetHints":{"allow":["GET"]}}],"collection":[{"href":"https:\/\/crisoma.org\/de\/wp-json\/wp\/v2\/pages"}],"about":[{"href":"https:\/\/crisoma.org\/de\/wp-json\/wp\/v2\/types\/page"}],"author":[{"embeddable":true,"href":"https:\/\/crisoma.org\/de\/wp-json\/wp\/v2\/users\/1"}],"replies":[{"embeddable":true,"href":"https:\/\/crisoma.org\/de\/wp-json\/wp\/v2\/comments?post=61"}],"version-history":[{"count":3,"href":"https:\/\/crisoma.org\/de\/wp-json\/wp\/v2\/pages\/61\/revisions"}],"predecessor-version":[{"id":323,"href":"https:\/\/crisoma.org\/de\/wp-json\/wp\/v2\/pages\/61\/revisions\/323"}],"wp:featuredmedia":[{"embeddable":true,"href":"https:\/\/crisoma.org\/de\/wp-json\/wp\/v2\/media\/54"}],"wp:attachment":[{"href":"https:\/\/crisoma.org\/de\/wp-json\/wp\/v2\/media?parent=61"}],"curies":[{"name":"wp","href":"https:\/\/api.w.org\/{rel}","templated":true}]}}